{"id":1467,"date":"2023-09-30T22:24:01","date_gmt":"2023-09-30T22:24:01","guid":{"rendered":"https:\/\/www.cichaosada.pl\/?page_id=1467"},"modified":"2025-01-11T06:15:44","modified_gmt":"2025-01-11T06:15:44","slug":"dla_szkol_i_przedszkoli","status":"publish","type":"page","link":"https:\/\/www.cichaosada.pl\/index.php\/dla_szkol_i_przedszkoli\/","title":{"rendered":"Dla szk\u00f3\u0142 i przedszkoli"},"content":{"rendered":"\t\t<div data-elementor-type=\"wp-page\" data-elementor-id=\"1467\" class=\"elementor elementor-1467\">\n\t\t\t\t<div class=\"elementor-element elementor-element-8907875 e-con-full e-flex e-con e-parent\" data-id=\"8907875\" data-element_type=\"container\" data-e-type=\"container\" data-settings=\"{&quot;background_background&quot;:&quot;classic&quot;,&quot;shape_divider_bottom&quot;:&quot;pyramids&quot;}\">\n\t\t\t\t<div class=\"elementor-shape elementor-shape-bottom\" aria-hidden=\"true\" data-negative=\"false\">\n\t\t\t<svg xmlns=\"http:\/\/www.w3.org\/2000\/svg\" viewBox=\"0 0 1000 100\" preserveAspectRatio=\"none\">\n\t<path class=\"elementor-shape-fill\" d=\"M761.9,44.1L643.1,27.2L333.8,98L0,3.8V0l1000,0v3.9\"\/>\n<\/svg>\t\t<\/div>\n\t\t\t\t<\/div>\n\t\t\t\t<section class=\"elementor-section elementor-top-section elementor-element elementor-element-4fd62ab4 elementor-section-boxed elementor-section-height-default elementor-section-height-default\" data-id=\"4fd62ab4\" data-element_type=\"section\" data-e-type=\"section\" data-settings=\"{&quot;background_background&quot;:&quot;classic&quot;}\">\n\t\t\t\t\t\t<div class=\"elementor-container elementor-column-gap-default\">\n\t\t\t\t\t<div class=\"elementor-column elementor-col-100 elementor-top-column elementor-element elementor-element-118731ad\" data-id=\"118731ad\" data-element_type=\"column\" data-e-type=\"column\">\n\t\t\t<div class=\"elementor-widget-wrap elementor-element-populated\">\n\t\t\t\t\t\t<div class=\"elementor-element elementor-element-7e5504b9 elementor-widget elementor-widget-heading\" data-id=\"7e5504b9\" data-element_type=\"widget\" data-e-type=\"widget\" data-widget_type=\"heading.default\">\n\t\t\t\t<div class=\"elementor-widget-container\">\n\t\t\t\t\t<h1 class=\"elementor-heading-title elementor-size-default\"><a href=\"https:\/\/www.facebook.com\/CichaOsada\">Dla szk\u00f3\u0142 i przedszkoli<\/a><\/h1>\t\t\t\t<\/div>\n\t\t\t\t<\/div>\n\t\t\t\t\t<\/div>\n\t\t<\/div>\n\t\t\t\t\t<\/div>\n\t\t<\/section>\n\t\t\t\t<section class=\"elementor-section elementor-top-section elementor-element elementor-element-2771eb1c elementor-section-boxed elementor-section-height-default elementor-section-height-default\" data-id=\"2771eb1c\" data-element_type=\"section\" data-e-type=\"section\" data-settings=\"{&quot;background_background&quot;:&quot;classic&quot;}\">\n\t\t\t\t\t\t<div class=\"elementor-container elementor-column-gap-default\">\n\t\t\t\t\t<div class=\"elementor-column elementor-col-100 elementor-top-column elementor-element elementor-element-7eba2fb5\" data-id=\"7eba2fb5\" data-element_type=\"column\" data-e-type=\"column\">\n\t\t\t<div class=\"elementor-widget-wrap elementor-element-populated\">\n\t\t\t\t\t\t<div class=\"elementor-element elementor-element-de4bf28 elementor-widget elementor-widget-image\" data-id=\"de4bf28\" data-element_type=\"widget\" data-e-type=\"widget\" data-widget_type=\"image.default\">\n\t\t\t\t<div class=\"elementor-widget-container\">\n\t\t\t\t\t\t\t\t\t\t\t\t\t\t\t<img fetchpriority=\"high\" decoding=\"async\" width=\"724\" height=\"1024\" src=\"https:\/\/www.cichaosada.pl\/wp-content\/uploads\/2025\/01\/03_2024_Cicha_Osada_Oferta_Lesna_Integracja_MODYFIKACJA_v3_10_2024-724x1024.jpg\" class=\"attachment-large size-large wp-image-1687\" alt=\"\" srcset=\"https:\/\/www.cichaosada.pl\/wp-content\/uploads\/2025\/01\/03_2024_Cicha_Osada_Oferta_Lesna_Integracja_MODYFIKACJA_v3_10_2024-724x1024.jpg 724w, https:\/\/www.cichaosada.pl\/wp-content\/uploads\/2025\/01\/03_2024_Cicha_Osada_Oferta_Lesna_Integracja_MODYFIKACJA_v3_10_2024-212x300.jpg 212w, https:\/\/www.cichaosada.pl\/wp-content\/uploads\/2025\/01\/03_2024_Cicha_Osada_Oferta_Lesna_Integracja_MODYFIKACJA_v3_10_2024-768x1086.jpg 768w, https:\/\/www.cichaosada.pl\/wp-content\/uploads\/2025\/01\/03_2024_Cicha_Osada_Oferta_Lesna_Integracja_MODYFIKACJA_v3_10_2024-1086x1536.jpg 1086w, https:\/\/www.cichaosada.pl\/wp-content\/uploads\/2025\/01\/03_2024_Cicha_Osada_Oferta_Lesna_Integracja_MODYFIKACJA_v3_10_2024-1448x2048.jpg 1448w, https:\/\/www.cichaosada.pl\/wp-content\/uploads\/2025\/01\/03_2024_Cicha_Osada_Oferta_Lesna_Integracja_MODYFIKACJA_v3_10_2024-scaled.jpg 1810w\" sizes=\"(max-width: 724px) 100vw, 724px\" \/>\t\t\t\t\t\t\t\t\t\t\t\t\t\t\t<\/div>\n\t\t\t\t<\/div>\n\t\t\t\t\t<\/div>\n\t\t<\/div>\n\t\t\t\t\t<\/div>\n\t\t<\/section>\n\t\t\t\t<section class=\"elementor-section elementor-top-section elementor-element elementor-element-2dd629f elementor-section-boxed elementor-section-height-default elementor-section-height-default\" data-id=\"2dd629f\" data-element_type=\"section\" data-e-type=\"section\" data-settings=\"{&quot;background_background&quot;:&quot;classic&quot;}\">\n\t\t\t\t\t\t<div class=\"elementor-container elementor-column-gap-default\">\n\t\t\t\t\t<div class=\"elementor-column elementor-col-100 elementor-top-column elementor-element elementor-element-1d32def\" data-id=\"1d32def\" data-element_type=\"column\" data-e-type=\"column\">\n\t\t\t<div class=\"elementor-widget-wrap elementor-element-populated\">\n\t\t\t\t\t\t<div class=\"elementor-element elementor-element-4e677b3 elementor-widget elementor-widget-image\" data-id=\"4e677b3\" data-element_type=\"widget\" data-e-type=\"widget\" data-widget_type=\"image.default\">\n\t\t\t\t<div class=\"elementor-widget-container\">\n\t\t\t\t\t\t\t\t\t\t\t\t\t\t\t<img decoding=\"async\" width=\"724\" height=\"1024\" src=\"https:\/\/www.cichaosada.pl\/wp-content\/uploads\/2025\/01\/03_2024_Cicha_Osada_Oferta_Lesna_Nocna_Integracja_MODYFIKACJA_v3_10_2024-724x1024.jpg\" class=\"attachment-large size-large wp-image-1694\" alt=\"\" srcset=\"https:\/\/www.cichaosada.pl\/wp-content\/uploads\/2025\/01\/03_2024_Cicha_Osada_Oferta_Lesna_Nocna_Integracja_MODYFIKACJA_v3_10_2024-724x1024.jpg 724w, https:\/\/www.cichaosada.pl\/wp-content\/uploads\/2025\/01\/03_2024_Cicha_Osada_Oferta_Lesna_Nocna_Integracja_MODYFIKACJA_v3_10_2024-212x300.jpg 212w, https:\/\/www.cichaosada.pl\/wp-content\/uploads\/2025\/01\/03_2024_Cicha_Osada_Oferta_Lesna_Nocna_Integracja_MODYFIKACJA_v3_10_2024-768x1086.jpg 768w, https:\/\/www.cichaosada.pl\/wp-content\/uploads\/2025\/01\/03_2024_Cicha_Osada_Oferta_Lesna_Nocna_Integracja_MODYFIKACJA_v3_10_2024-1086x1536.jpg 1086w, https:\/\/www.cichaosada.pl\/wp-content\/uploads\/2025\/01\/03_2024_Cicha_Osada_Oferta_Lesna_Nocna_Integracja_MODYFIKACJA_v3_10_2024-1448x2048.jpg 1448w, https:\/\/www.cichaosada.pl\/wp-content\/uploads\/2025\/01\/03_2024_Cicha_Osada_Oferta_Lesna_Nocna_Integracja_MODYFIKACJA_v3_10_2024-scaled.jpg 1810w\" sizes=\"(max-width: 724px) 100vw, 724px\" \/>\t\t\t\t\t\t\t\t\t\t\t\t\t\t\t<\/div>\n\t\t\t\t<\/div>\n\t\t\t\t\t<\/div>\n\t\t<\/div>\n\t\t\t\t\t<\/div>\n\t\t<\/section>\n\t\t\t\t<\/div>\n\t\t","protected":false},"excerpt":{"rendered":"<p>Dla szk\u00f3\u0142 i przedszkoli<\/p>\n","protected":false},"author":1,"featured_media":0,"parent":0,"menu_order":0,"comment_status":"closed","ping_status":"closed","template":"","meta":{"ocean_post_layout":"full-screen","ocean_both_sidebars_style":"","ocean_both_sidebars_content_width":0,"ocean_both_sidebars_sidebars_width":0,"ocean_sidebar":"0","ocean_second_sidebar":"0","ocean_disable_margins":"enable","ocean_add_body_class":"","ocean_shortcode_before_top_bar":"","ocean_shortcode_after_top_bar":"","ocean_shortcode_before_header":"","ocean_shortcode_after_header":"","ocean_has_shortcode":"","ocean_shortcode_after_title":"","ocean_shortcode_before_footer_widgets":"","ocean_shortcode_after_footer_widgets":"","ocean_shortcode_before_footer_bottom":"","ocean_shortcode_after_footer_bottom":"","ocean_display_top_bar":"default","ocean_display_header":"default","ocean_header_style":"","ocean_center_header_left_menu":"0","ocean_custom_header_template":"0","ocean_custom_logo":0,"ocean_custom_retina_logo":0,"ocean_custom_logo_max_width":0,"ocean_custom_logo_tablet_max_width":0,"ocean_custom_logo_mobile_max_width":0,"ocean_custom_logo_max_height":0,"ocean_custom_logo_tablet_max_height":0,"ocean_custom_logo_mobile_max_height":0,"ocean_header_custom_menu":"0","ocean_menu_typo_font_family":"0","ocean_menu_typo_font_subset":"","ocean_menu_typo_font_size":0,"ocean_menu_typo_font_size_tablet":0,"ocean_menu_typo_font_size_mobile":0,"ocean_menu_typo_font_size_unit":"px","ocean_menu_typo_font_weight":"","ocean_menu_typo_font_weight_tablet":"","ocean_menu_typo_font_weight_mobile":"","ocean_menu_typo_transform":"","ocean_menu_typo_transform_tablet":"","ocean_menu_typo_transform_mobile":"","ocean_menu_typo_line_height":0,"ocean_menu_typo_line_height_tablet":0,"ocean_menu_typo_line_height_mobile":0,"ocean_menu_typo_line_height_unit":"","ocean_menu_typo_spacing":0,"ocean_menu_typo_spacing_tablet":0,"ocean_menu_typo_spacing_mobile":0,"ocean_menu_typo_spacing_unit":"","ocean_menu_link_color":"","ocean_menu_link_color_hover":"","ocean_menu_link_color_active":"","ocean_menu_link_background":"","ocean_menu_link_hover_background":"","ocean_menu_link_active_background":"","ocean_menu_social_links_bg":"","ocean_menu_social_hover_links_bg":"","ocean_menu_social_links_color":"","ocean_menu_social_hover_links_color":"","ocean_disable_title":"on","ocean_disable_heading":"default","ocean_post_title":"","ocean_post_subheading":"","ocean_post_title_style":"","ocean_post_title_background_color":"","ocean_post_title_background":0,"ocean_post_title_bg_image_position":"","ocean_post_title_bg_image_attachment":"","ocean_post_title_bg_image_repeat":"","ocean_post_title_bg_image_size":"","ocean_post_title_height":0,"ocean_post_title_bg_overlay":0.5,"ocean_post_title_bg_overlay_color":"","ocean_disable_breadcrumbs":"off","ocean_breadcrumbs_color":"","ocean_breadcrumbs_separator_color":"","ocean_breadcrumbs_links_color":"","ocean_breadcrumbs_links_hover_color":"","ocean_display_footer_widgets":"default","ocean_display_footer_bottom":"default","ocean_custom_footer_template":"0","footnotes":""},"class_list":["post-1467","page","type-page","status-publish","hentry","entry"],"yoast_head":"<!-- This site is optimized with the Yoast SEO plugin v27.1.1 - https:\/\/yoast.com\/product\/yoast-seo-wordpress\/ -->\n<title>Dla szk\u00f3\u0142 i przedszkoli - Cicha Osada<\/title>\n<meta name=\"robots\" content=\"index, follow, max-snippet:-1, max-image-preview:large, max-video-preview:-1\" \/>\n<link rel=\"canonical\" href=\"https:\/\/www.cichaosada.pl\/index.php\/dla_szkol_i_przedszkoli\/\" \/>\n<meta property=\"og:locale\" content=\"pl_PL\" \/>\n<meta property=\"og:type\" content=\"article\" \/>\n<meta property=\"og:title\" content=\"Dla szk\u00f3\u0142 i przedszkoli - Cicha Osada\" \/>\n<meta property=\"og:description\" content=\"Dla szk\u00f3\u0142 i przedszkoli\" \/>\n<meta property=\"og:url\" content=\"https:\/\/www.cichaosada.pl\/index.php\/dla_szkol_i_przedszkoli\/\" \/>\n<meta property=\"og:site_name\" content=\"Cicha Osada\" \/>\n<meta property=\"article:publisher\" content=\"https:\/\/www.facebook.com\/CichaOsada\" \/>\n<meta property=\"article:modified_time\" content=\"2025-01-11T06:15:44+00:00\" \/>\n<meta property=\"og:image\" content=\"https:\/\/www.cichaosada.pl\/wp-content\/uploads\/2025\/01\/03_2024_Cicha_Osada_Oferta_Lesna_Integracja_MODYFIKACJA_v3_10_2024-724x1024.jpg\" \/>\n<meta name=\"twitter:card\" content=\"summary_large_image\" \/>\n<meta name=\"twitter:label1\" content=\"Szacowany czas czytania\" \/>\n\t<meta name=\"twitter:data1\" content=\"1 minuta\" \/>\n<script type=\"application\/ld+json\" class=\"yoast-schema-graph\">{\"@context\":\"https:\/\/schema.org\",\"@graph\":[{\"@type\":\"WebPage\",\"@id\":\"https:\/\/www.cichaosada.pl\/index.php\/dla_szkol_i_przedszkoli\/\",\"url\":\"https:\/\/www.cichaosada.pl\/index.php\/dla_szkol_i_przedszkoli\/\",\"name\":\"Dla szk\u00f3\u0142 i przedszkoli - Cicha Osada\",\"isPartOf\":{\"@id\":\"https:\/\/www.cichaosada.pl\/#website\"},\"primaryImageOfPage\":{\"@id\":\"https:\/\/www.cichaosada.pl\/index.php\/dla_szkol_i_przedszkoli\/#primaryimage\"},\"image\":{\"@id\":\"https:\/\/www.cichaosada.pl\/index.php\/dla_szkol_i_przedszkoli\/#primaryimage\"},\"thumbnailUrl\":\"https:\/\/www.cichaosada.pl\/wp-content\/uploads\/2025\/01\/03_2024_Cicha_Osada_Oferta_Lesna_Integracja_MODYFIKACJA_v3_10_2024-724x1024.jpg\",\"datePublished\":\"2023-09-30T22:24:01+00:00\",\"dateModified\":\"2025-01-11T06:15:44+00:00\",\"breadcrumb\":{\"@id\":\"https:\/\/www.cichaosada.pl\/index.php\/dla_szkol_i_przedszkoli\/#breadcrumb\"},\"inLanguage\":\"pl-PL\",\"potentialAction\":[{\"@type\":\"ReadAction\",\"target\":[\"https:\/\/www.cichaosada.pl\/index.php\/dla_szkol_i_przedszkoli\/\"]}]},{\"@type\":\"ImageObject\",\"inLanguage\":\"pl-PL\",\"@id\":\"https:\/\/www.cichaosada.pl\/index.php\/dla_szkol_i_przedszkoli\/#primaryimage\",\"url\":\"https:\/\/www.cichaosada.pl\/wp-content\/uploads\/2025\/01\/03_2024_Cicha_Osada_Oferta_Lesna_Integracja_MODYFIKACJA_v3_10_2024-scaled.jpg\",\"contentUrl\":\"https:\/\/www.cichaosada.pl\/wp-content\/uploads\/2025\/01\/03_2024_Cicha_Osada_Oferta_Lesna_Integracja_MODYFIKACJA_v3_10_2024-scaled.jpg\",\"width\":1810,\"height\":2560},{\"@type\":\"BreadcrumbList\",\"@id\":\"https:\/\/www.cichaosada.pl\/index.php\/dla_szkol_i_przedszkoli\/#breadcrumb\",\"itemListElement\":[{\"@type\":\"ListItem\",\"position\":1,\"name\":\"Strona g\u0142\u00f3wna\",\"item\":\"https:\/\/www.cichaosada.pl\/\"},{\"@type\":\"ListItem\",\"position\":2,\"name\":\"Dla szk\u00f3\u0142 i przedszkoli\"}]},{\"@type\":\"WebSite\",\"@id\":\"https:\/\/www.cichaosada.pl\/#website\",\"url\":\"https:\/\/www.cichaosada.pl\/\",\"name\":\"Cicha Osada\",\"description\":\"Miejsce Przyjazne Wszystkim\",\"publisher\":{\"@id\":\"https:\/\/www.cichaosada.pl\/#organization\"},\"alternateName\":\"Cicha Osada\",\"potentialAction\":[{\"@type\":\"SearchAction\",\"target\":{\"@type\":\"EntryPoint\",\"urlTemplate\":\"https:\/\/www.cichaosada.pl\/?s={search_term_string}\"},\"query-input\":{\"@type\":\"PropertyValueSpecification\",\"valueRequired\":true,\"valueName\":\"search_term_string\"}}],\"inLanguage\":\"pl-PL\"},{\"@type\":\"Organization\",\"@id\":\"https:\/\/www.cichaosada.pl\/#organization\",\"name\":\"Cicha Osada\",\"url\":\"https:\/\/www.cichaosada.pl\/\",\"logo\":{\"@type\":\"ImageObject\",\"inLanguage\":\"pl-PL\",\"@id\":\"https:\/\/www.cichaosada.pl\/#\/schema\/logo\/image\/\",\"url\":\"https:\/\/www.cichaosada.pl\/wp-content\/uploads\/2023\/09\/cropped-cropped-logo_pol_pzezroczyste.png\",\"contentUrl\":\"https:\/\/www.cichaosada.pl\/wp-content\/uploads\/2023\/09\/cropped-cropped-logo_pol_pzezroczyste.png\",\"width\":915,\"height\":887,\"caption\":\"Cicha Osada\"},\"image\":{\"@id\":\"https:\/\/www.cichaosada.pl\/#\/schema\/logo\/image\/\"},\"sameAs\":[\"https:\/\/www.facebook.com\/CichaOsada\"]}]}<\/script>\n<!-- \/ Yoast SEO plugin. -->","yoast_head_json":{"title":"Dla szk\u00f3\u0142 i przedszkoli - Cicha Osada","robots":{"index":"index","follow":"follow","max-snippet":"max-snippet:-1","max-image-preview":"max-image-preview:large","max-video-preview":"max-video-preview:-1"},"canonical":"https:\/\/www.cichaosada.pl\/index.php\/dla_szkol_i_przedszkoli\/","og_locale":"pl_PL","og_type":"article","og_title":"Dla szk\u00f3\u0142 i przedszkoli - Cicha Osada","og_description":"Dla szk\u00f3\u0142 i przedszkoli","og_url":"https:\/\/www.cichaosada.pl\/index.php\/dla_szkol_i_przedszkoli\/","og_site_name":"Cicha Osada","article_publisher":"https:\/\/www.facebook.com\/CichaOsada","article_modified_time":"2025-01-11T06:15:44+00:00","og_image":[{"url":"https:\/\/www.cichaosada.pl\/wp-content\/uploads\/2025\/01\/03_2024_Cicha_Osada_Oferta_Lesna_Integracja_MODYFIKACJA_v3_10_2024-724x1024.jpg","type":"","width":"","height":""}],"twitter_card":"summary_large_image","twitter_misc":{"Szacowany czas czytania":"1 minuta"},"schema":{"@context":"https:\/\/schema.org","@graph":[{"@type":"WebPage","@id":"https:\/\/www.cichaosada.pl\/index.php\/dla_szkol_i_przedszkoli\/","url":"https:\/\/www.cichaosada.pl\/index.php\/dla_szkol_i_przedszkoli\/","name":"Dla szk\u00f3\u0142 i przedszkoli - Cicha Osada","isPartOf":{"@id":"https:\/\/www.cichaosada.pl\/#website"},"primaryImageOfPage":{"@id":"https:\/\/www.cichaosada.pl\/index.php\/dla_szkol_i_przedszkoli\/#primaryimage"},"image":{"@id":"https:\/\/www.cichaosada.pl\/index.php\/dla_szkol_i_przedszkoli\/#primaryimage"},"thumbnailUrl":"https:\/\/www.cichaosada.pl\/wp-content\/uploads\/2025\/01\/03_2024_Cicha_Osada_Oferta_Lesna_Integracja_MODYFIKACJA_v3_10_2024-724x1024.jpg","datePublished":"2023-09-30T22:24:01+00:00","dateModified":"2025-01-11T06:15:44+00:00","breadcrumb":{"@id":"https:\/\/www.cichaosada.pl\/index.php\/dla_szkol_i_przedszkoli\/#breadcrumb"},"inLanguage":"pl-PL","potentialAction":[{"@type":"ReadAction","target":["https:\/\/www.cichaosada.pl\/index.php\/dla_szkol_i_przedszkoli\/"]}]},{"@type":"ImageObject","inLanguage":"pl-PL","@id":"https:\/\/www.cichaosada.pl\/index.php\/dla_szkol_i_przedszkoli\/#primaryimage","url":"https:\/\/www.cichaosada.pl\/wp-content\/uploads\/2025\/01\/03_2024_Cicha_Osada_Oferta_Lesna_Integracja_MODYFIKACJA_v3_10_2024-scaled.jpg","contentUrl":"https:\/\/www.cichaosada.pl\/wp-content\/uploads\/2025\/01\/03_2024_Cicha_Osada_Oferta_Lesna_Integracja_MODYFIKACJA_v3_10_2024-scaled.jpg","width":1810,"height":2560},{"@type":"BreadcrumbList","@id":"https:\/\/www.cichaosada.pl\/index.php\/dla_szkol_i_przedszkoli\/#breadcrumb","itemListElement":[{"@type":"ListItem","position":1,"name":"Strona g\u0142\u00f3wna","item":"https:\/\/www.cichaosada.pl\/"},{"@type":"ListItem","position":2,"name":"Dla szk\u00f3\u0142 i przedszkoli"}]},{"@type":"WebSite","@id":"https:\/\/www.cichaosada.pl\/#website","url":"https:\/\/www.cichaosada.pl\/","name":"Cicha Osada","description":"Miejsce Przyjazne Wszystkim","publisher":{"@id":"https:\/\/www.cichaosada.pl\/#organization"},"alternateName":"Cicha Osada","potentialAction":[{"@type":"SearchAction","target":{"@type":"EntryPoint","urlTemplate":"https:\/\/www.cichaosada.pl\/?s={search_term_string}"},"query-input":{"@type":"PropertyValueSpecification","valueRequired":true,"valueName":"search_term_string"}}],"inLanguage":"pl-PL"},{"@type":"Organization","@id":"https:\/\/www.cichaosada.pl\/#organization","name":"Cicha Osada","url":"https:\/\/www.cichaosada.pl\/","logo":{"@type":"ImageObject","inLanguage":"pl-PL","@id":"https:\/\/www.cichaosada.pl\/#\/schema\/logo\/image\/","url":"https:\/\/www.cichaosada.pl\/wp-content\/uploads\/2023\/09\/cropped-cropped-logo_pol_pzezroczyste.png","contentUrl":"https:\/\/www.cichaosada.pl\/wp-content\/uploads\/2023\/09\/cropped-cropped-logo_pol_pzezroczyste.png","width":915,"height":887,"caption":"Cicha Osada"},"image":{"@id":"https:\/\/www.cichaosada.pl\/#\/schema\/logo\/image\/"},"sameAs":["https:\/\/www.facebook.com\/CichaOsada"]}]}},"_links":{"self":[{"href":"https:\/\/www.cichaosada.pl\/index.php\/wp-json\/wp\/v2\/pages\/1467","targetHints":{"allow":["GET"]}}],"collection":[{"href":"https:\/\/www.cichaosada.pl\/index.php\/wp-json\/wp\/v2\/pages"}],"about":[{"href":"https:\/\/www.cichaosada.pl\/index.php\/wp-json\/wp\/v2\/types\/page"}],"author":[{"embeddable":true,"href":"https:\/\/www.cichaosada.pl\/index.php\/wp-json\/wp\/v2\/users\/1"}],"replies":[{"embeddable":true,"href":"https:\/\/www.cichaosada.pl\/index.php\/wp-json\/wp\/v2\/comments?post=1467"}],"version-history":[{"count":17,"href":"https:\/\/www.cichaosada.pl\/index.php\/wp-json\/wp\/v2\/pages\/1467\/revisions"}],"predecessor-version":[{"id":1697,"href":"https:\/\/www.cichaosada.pl\/index.php\/wp-json\/wp\/v2\/pages\/1467\/revisions\/1697"}],"wp:attachment":[{"href":"https:\/\/www.cichaosada.pl\/index.php\/wp-json\/wp\/v2\/media?parent=1467"}],"curies":[{"name":"wp","href":"https:\/\/api.w.org\/{rel}","templated":true}]}}