{"id":1374,"date":"2023-09-30T20:46:45","date_gmt":"2023-09-30T20:46:45","guid":{"rendered":"https:\/\/www.cichaosada.pl\/?page_id=1374"},"modified":"2023-09-30T21:27:54","modified_gmt":"2023-09-30T21:27:54","slug":"kontakt_cicha_osada","status":"publish","type":"page","link":"https:\/\/www.cichaosada.pl\/index.php\/kontakt_cicha_osada\/","title":{"rendered":"Kontakt_Cicha_Osada"},"content":{"rendered":"\t\t<div data-elementor-type=\"wp-page\" data-elementor-id=\"1374\" class=\"elementor elementor-1374\">\n\t\t\t\t<div class=\"elementor-element elementor-element-798fa902 e-con-full e-flex e-con e-parent\" data-id=\"798fa902\" data-element_type=\"container\" data-e-type=\"container\" data-settings=\"{&quot;background_background&quot;:&quot;classic&quot;,&quot;shape_divider_bottom&quot;:&quot;pyramids&quot;}\">\n\t\t\t\t<div class=\"elementor-shape elementor-shape-bottom\" aria-hidden=\"true\" data-negative=\"false\">\n\t\t\t<svg xmlns=\"http:\/\/www.w3.org\/2000\/svg\" viewBox=\"0 0 1000 100\" preserveAspectRatio=\"none\">\n\t<path class=\"elementor-shape-fill\" d=\"M761.9,44.1L643.1,27.2L333.8,98L0,3.8V0l1000,0v3.9\"\/>\n<\/svg>\t\t<\/div>\n\t\t\t\t<\/div>\n\t\t\t\t<section class=\"elementor-section elementor-top-section elementor-element elementor-element-37f9e5d9 elementor-section-boxed elementor-section-height-default elementor-section-height-default\" data-id=\"37f9e5d9\" data-element_type=\"section\" data-e-type=\"section\" data-settings=\"{&quot;background_background&quot;:&quot;classic&quot;}\">\n\t\t\t\t\t\t<div class=\"elementor-container elementor-column-gap-default\">\n\t\t\t\t\t<div class=\"elementor-column elementor-col-100 elementor-top-column elementor-element elementor-element-2ea3e388\" data-id=\"2ea3e388\" data-element_type=\"column\" data-e-type=\"column\">\n\t\t\t<div class=\"elementor-widget-wrap elementor-element-populated\">\n\t\t\t\t\t\t<div class=\"elementor-element elementor-element-5e066764 elementor-widget elementor-widget-heading\" data-id=\"5e066764\" data-element_type=\"widget\" data-e-type=\"widget\" data-widget_type=\"heading.default\">\n\t\t\t\t<div class=\"elementor-widget-container\">\n\t\t\t\t\t<h1 class=\"elementor-heading-title elementor-size-default\"><a href=\"https:\/\/www.facebook.com\/CichaOsada\">Skontaktuj si\u0119 z nami<\/a><\/h1>\t\t\t\t<\/div>\n\t\t\t\t<\/div>\n\t\t\t\t\t<\/div>\n\t\t<\/div>\n\t\t\t\t\t<\/div>\n\t\t<\/section>\n\t\t\t\t<section class=\"elementor-section elementor-top-section elementor-element elementor-element-4b94fd8a elementor-section-content-middle elementor-section-boxed elementor-section-height-default elementor-section-height-default\" data-id=\"4b94fd8a\" data-element_type=\"section\" data-e-type=\"section\">\n\t\t\t\t\t\t<div class=\"elementor-container elementor-column-gap-default\">\n\t\t\t\t\t<div class=\"elementor-column elementor-col-50 elementor-top-column elementor-element elementor-element-59d9d2e9\" data-id=\"59d9d2e9\" data-element_type=\"column\" data-e-type=\"column\">\n\t\t\t<div class=\"elementor-widget-wrap elementor-element-populated\">\n\t\t\t\t\t\t<div class=\"elementor-element elementor-element-78a7fc7a elementor-widget elementor-widget-google_maps\" data-id=\"78a7fc7a\" data-element_type=\"widget\" data-e-type=\"widget\" data-widget_type=\"google_maps.default\">\n\t\t\t\t<div class=\"elementor-widget-container\">\n\t\t\t\t\t\t\t<div class=\"elementor-custom-embed\">\n\t\t\t<iframe loading=\"lazy\"\n\t\t\t\t\tsrc=\"https:\/\/maps.google.com\/maps?q=%20Czubajowizna%2025%2C%20Czubajowizna%2C%20Poland&#038;t=m&#038;z=10&#038;output=embed&#038;iwloc=near\"\n\t\t\t\t\ttitle=\" Czubajowizna 25, Czubajowizna, Poland\"\n\t\t\t\t\taria-label=\" Czubajowizna 25, Czubajowizna, Poland\"\n\t\t\t><\/iframe>\n\t\t<\/div>\n\t\t\t\t\t\t<\/div>\n\t\t\t\t<\/div>\n\t\t\t\t\t<\/div>\n\t\t<\/div>\n\t\t\t\t<div class=\"elementor-column elementor-col-50 elementor-top-column elementor-element elementor-element-1ee89709\" data-id=\"1ee89709\" data-element_type=\"column\" data-e-type=\"column\">\n\t\t\t<div class=\"elementor-widget-wrap elementor-element-populated\">\n\t\t\t\t\t\t<div class=\"elementor-element elementor-element-ae59f1c elementor-widget elementor-widget-heading\" data-id=\"ae59f1c\" data-element_type=\"widget\" data-e-type=\"widget\" data-widget_type=\"heading.default\">\n\t\t\t\t<div class=\"elementor-widget-container\">\n\t\t\t\t\t<h1 class=\"elementor-heading-title elementor-size-default\">Cicha Osada<\/h1>\t\t\t\t<\/div>\n\t\t\t\t<\/div>\n\t\t\t\t<div class=\"elementor-element elementor-element-1a88639e elementor-widget elementor-widget-heading\" data-id=\"1a88639e\" data-element_type=\"widget\" data-e-type=\"widget\" data-widget_type=\"heading.default\">\n\t\t\t\t<div class=\"elementor-widget-container\">\n\t\t\t\t\t<h2 class=\"elementor-heading-title elementor-size-default\"><a href=\"http:\/\/607%20222%20076\">tel. 607 222 076<\/a><\/h2>\t\t\t\t<\/div>\n\t\t\t\t<\/div>\n\t\t\t\t<div class=\"elementor-element elementor-element-3ee630ed elementor-widget elementor-widget-heading\" data-id=\"3ee630ed\" data-element_type=\"widget\" data-e-type=\"widget\" data-widget_type=\"heading.default\">\n\t\t\t\t<div class=\"elementor-widget-container\">\n\t\t\t\t\t<h2 class=\"elementor-heading-title elementor-size-default\">Czubajowizna 25, ko\u0142o Wo\u0142omina<\/h2>\t\t\t\t<\/div>\n\t\t\t\t<\/div>\n\t\t\t\t<div class=\"elementor-element elementor-element-112de036 elementor-widget elementor-widget-heading\" data-id=\"112de036\" data-element_type=\"widget\" data-e-type=\"widget\" data-widget_type=\"heading.default\">\n\t\t\t\t<div class=\"elementor-widget-container\">\n\t\t\t\t\t<h2 class=\"elementor-heading-title elementor-size-default\"><a href=\"mailto:%20kontakt@cichaosada.pl\">e-mail: kontakt@cichaosada.pl<\/a><\/h2>\t\t\t\t<\/div>\n\t\t\t\t<\/div>\n\t\t\t\t\t<\/div>\n\t\t<\/div>\n\t\t\t\t\t<\/div>\n\t\t<\/section>\n\t\t\t\t<section class=\"elementor-section elementor-top-section elementor-element elementor-element-1339c135 elementor-section-boxed elementor-section-height-default elementor-section-height-default\" data-id=\"1339c135\" data-element_type=\"section\" data-e-type=\"section\" data-settings=\"{&quot;background_background&quot;:&quot;classic&quot;}\">\n\t\t\t\t\t\t<div class=\"elementor-container elementor-column-gap-default\">\n\t\t\t\t\t<div class=\"elementor-column elementor-col-100 elementor-top-column elementor-element elementor-element-58b72b3d\" data-id=\"58b72b3d\" data-element_type=\"column\" data-e-type=\"column\">\n\t\t\t<div class=\"elementor-widget-wrap elementor-element-populated\">\n\t\t\t\t\t\t<div class=\"elementor-element elementor-element-4d17bbef elementor-widget elementor-widget-heading\" data-id=\"4d17bbef\" data-element_type=\"widget\" data-e-type=\"widget\" data-widget_type=\"heading.default\">\n\t\t\t\t<div class=\"elementor-widget-container\">\n\t\t\t\t\t<h1 class=\"elementor-heading-title elementor-size-default\"><a href=\"https:\/\/www.facebook.com\/CichaOsada\">Odwied\u017a nas na facebooku<\/a><\/h1>\t\t\t\t<\/div>\n\t\t\t\t<\/div>\n\t\t\t\t\t<\/div>\n\t\t<\/div>\n\t\t\t\t\t<\/div>\n\t\t<\/section>\n\t\t<div class=\"elementor-element elementor-element-76410e4 e-flex e-con-boxed e-con e-parent\" data-id=\"76410e4\" data-element_type=\"container\" data-e-type=\"container\">\n\t\t\t\t\t<div class=\"e-con-inner\">\n\t\t\t\t<div class=\"elementor-element elementor-element-293fc540 elementor-shape-circle elementor-grid-0 e-grid-align-center elementor-widget elementor-widget-social-icons\" data-id=\"293fc540\" data-element_type=\"widget\" data-e-type=\"widget\" data-widget_type=\"social-icons.default\">\n\t\t\t\t<div class=\"elementor-widget-container\">\n\t\t\t\t\t\t\t<div class=\"elementor-social-icons-wrapper elementor-grid\">\n\t\t\t\t\t\t\t<span class=\"elementor-grid-item\">\n\t\t\t\t\t<a class=\"elementor-icon elementor-social-icon elementor-social-icon-facebook-square elementor-repeater-item-98e01f1\" href=\"https:\/\/www.facebook.com\/CichaOsada\" target=\"_blank\">\n\t\t\t\t\t\t<span class=\"elementor-screen-only\">Facebook-square<\/span>\n\t\t\t\t\t\t<i aria-hidden=\"true\" class=\"fab fa-facebook-square\"><\/i>\t\t\t\t\t<\/a>\n\t\t\t\t<\/span>\n\t\t\t\t\t<\/div>\n\t\t\t\t\t\t<\/div>\n\t\t\t\t<\/div>\n\t\t\t\t\t<\/div>\n\t\t\t\t<\/div>\n\t\t<div class=\"elementor-element elementor-element-7c6dcf81 e-flex e-con-boxed e-con e-parent\" data-id=\"7c6dcf81\" data-element_type=\"container\" data-e-type=\"container\">\n\t\t\t\t\t<div class=\"e-con-inner\">\n\t\t\t\t<div class=\"elementor-element elementor-element-616f954e elementor-widget elementor-widget-image\" data-id=\"616f954e\" data-element_type=\"widget\" data-e-type=\"widget\" data-widget_type=\"image.default\">\n\t\t\t\t<div class=\"elementor-widget-container\">\n\t\t\t\t\t\t\t\t\t\t\t\t\t\t\t<img fetchpriority=\"high\" decoding=\"async\" width=\"777\" height=\"512\" src=\"https:\/\/www.cichaosada.pl\/wp-content\/uploads\/2023\/09\/375136306_235339136176089_668053674596684047_22-1.jpg\" class=\"attachment-large size-large wp-image-1207\" alt=\"\" srcset=\"https:\/\/www.cichaosada.pl\/wp-content\/uploads\/2023\/09\/375136306_235339136176089_668053674596684047_22-1.jpg 777w, https:\/\/www.cichaosada.pl\/wp-content\/uploads\/2023\/09\/375136306_235339136176089_668053674596684047_22-1-300x198.jpg 300w, https:\/\/www.cichaosada.pl\/wp-content\/uploads\/2023\/09\/375136306_235339136176089_668053674596684047_22-1-768x506.jpg 768w\" sizes=\"(max-width: 777px) 100vw, 777px\" \/>\t\t\t\t\t\t\t\t\t\t\t\t\t\t\t<\/div>\n\t\t\t\t<\/div>\n\t\t\t\t\t<\/div>\n\t\t\t\t<\/div>\n\t\t\t\t<section class=\"elementor-section elementor-top-section elementor-element elementor-element-7ce881da elementor-section-content-middle elementor-section-boxed elementor-section-height-default elementor-section-height-default\" data-id=\"7ce881da\" data-element_type=\"section\" data-e-type=\"section\">\n\t\t\t\t\t\t<div class=\"elementor-container elementor-column-gap-default\">\n\t\t\t\t\t<div class=\"elementor-column elementor-col-100 elementor-top-column elementor-element elementor-element-00fadd5\" data-id=\"00fadd5\" data-element_type=\"column\" data-e-type=\"column\">\n\t\t\t<div class=\"elementor-widget-wrap\">\n\t\t\t\t\t\t\t<\/div>\n\t\t<\/div>\n\t\t\t\t\t<\/div>\n\t\t<\/section>\n\t\t\t\t<\/div>\n\t\t","protected":false},"excerpt":{"rendered":"<p>Skontaktuj si\u0119 z nami Cicha Osada tel. 607 222 076 Czubajowizna 25, ko\u0142o Wo\u0142omina e-mail: kontakt@cichaosada.pl Odwied\u017a nas na facebooku Facebook-square<\/p>\n","protected":false},"author":1,"featured_media":0,"parent":0,"menu_order":0,"comment_status":"closed","ping_status":"closed","template":"","meta":{"ocean_post_layout":"full-screen","ocean_both_sidebars_style":"","ocean_both_sidebars_content_width":0,"ocean_both_sidebars_sidebars_width":0,"ocean_sidebar":"0","ocean_second_sidebar":"0","ocean_disable_margins":"enable","ocean_add_body_class":"","ocean_shortcode_before_top_bar":"","ocean_shortcode_after_top_bar":"","ocean_shortcode_before_header":"","ocean_shortcode_after_header":"","ocean_has_shortcode":"","ocean_shortcode_after_title":"","ocean_shortcode_before_footer_widgets":"","ocean_shortcode_after_footer_widgets":"","ocean_shortcode_before_footer_bottom":"","ocean_shortcode_after_footer_bottom":"","ocean_display_top_bar":"default","ocean_display_header":"default","ocean_header_style":"","ocean_center_header_left_menu":"0","ocean_custom_header_template":"0","ocean_custom_logo":0,"ocean_custom_retina_logo":0,"ocean_custom_logo_max_width":0,"ocean_custom_logo_tablet_max_width":0,"ocean_custom_logo_mobile_max_width":0,"ocean_custom_logo_max_height":0,"ocean_custom_logo_tablet_max_height":0,"ocean_custom_logo_mobile_max_height":0,"ocean_header_custom_menu":"0","ocean_menu_typo_font_family":"0","ocean_menu_typo_font_subset":"","ocean_menu_typo_font_size":0,"ocean_menu_typo_font_size_tablet":0,"ocean_menu_typo_font_size_mobile":0,"ocean_menu_typo_font_size_unit":"px","ocean_menu_typo_font_weight":"","ocean_menu_typo_font_weight_tablet":"","ocean_menu_typo_font_weight_mobile":"","ocean_menu_typo_transform":"","ocean_menu_typo_transform_tablet":"","ocean_menu_typo_transform_mobile":"","ocean_menu_typo_line_height":0,"ocean_menu_typo_line_height_tablet":0,"ocean_menu_typo_line_height_mobile":0,"ocean_menu_typo_line_height_unit":"","ocean_menu_typo_spacing":0,"ocean_menu_typo_spacing_tablet":0,"ocean_menu_typo_spacing_mobile":0,"ocean_menu_typo_spacing_unit":"","ocean_menu_link_color":"","ocean_menu_link_color_hover":"","ocean_menu_link_color_active":"","ocean_menu_link_background":"","ocean_menu_link_hover_background":"","ocean_menu_link_active_background":"","ocean_menu_social_links_bg":"","ocean_menu_social_hover_links_bg":"","ocean_menu_social_links_color":"","ocean_menu_social_hover_links_color":"","ocean_disable_title":"on","ocean_disable_heading":"default","ocean_post_title":"","ocean_post_subheading":"","ocean_post_title_style":"","ocean_post_title_background_color":"","ocean_post_title_background":0,"ocean_post_title_bg_image_position":"","ocean_post_title_bg_image_attachment":"","ocean_post_title_bg_image_repeat":"","ocean_post_title_bg_image_size":"","ocean_post_title_height":0,"ocean_post_title_bg_overlay":0.5,"ocean_post_title_bg_overlay_color":"","ocean_disable_breadcrumbs":"off","ocean_breadcrumbs_color":"","ocean_breadcrumbs_separator_color":"","ocean_breadcrumbs_links_color":"","ocean_breadcrumbs_links_hover_color":"","ocean_display_footer_widgets":"default","ocean_display_footer_bottom":"default","ocean_custom_footer_template":"0","footnotes":""},"class_list":["post-1374","page","type-page","status-publish","hentry","entry"],"yoast_head":"<!-- This site is optimized with the Yoast SEO plugin v27.1.1 - https:\/\/yoast.com\/product\/yoast-seo-wordpress\/ -->\n<title>Kontakt_Cicha_Osada - Cicha Osada<\/title>\n<meta name=\"robots\" content=\"index, follow, max-snippet:-1, max-image-preview:large, max-video-preview:-1\" \/>\n<link rel=\"canonical\" href=\"https:\/\/www.cichaosada.pl\/index.php\/kontakt_cicha_osada\/\" \/>\n<meta property=\"og:locale\" content=\"pl_PL\" \/>\n<meta property=\"og:type\" content=\"article\" \/>\n<meta property=\"og:title\" content=\"Kontakt_Cicha_Osada - Cicha Osada\" \/>\n<meta property=\"og:description\" content=\"Skontaktuj si\u0119 z nami Cicha Osada tel. 607 222 076 Czubajowizna 25, ko\u0142o Wo\u0142omina e-mail: kontakt@cichaosada.pl Odwied\u017a nas na facebooku Facebook-square\" \/>\n<meta property=\"og:url\" content=\"https:\/\/www.cichaosada.pl\/index.php\/kontakt_cicha_osada\/\" \/>\n<meta property=\"og:site_name\" content=\"Cicha Osada\" \/>\n<meta property=\"article:publisher\" content=\"https:\/\/www.facebook.com\/CichaOsada\" \/>\n<meta property=\"article:modified_time\" content=\"2023-09-30T21:27:54+00:00\" \/>\n<meta property=\"og:image\" content=\"https:\/\/www.cichaosada.pl\/wp-content\/uploads\/2023\/09\/375136306_235339136176089_668053674596684047_22-1.jpg\" \/>\n<meta name=\"twitter:card\" content=\"summary_large_image\" \/>\n<script type=\"application\/ld+json\" class=\"yoast-schema-graph\">{\"@context\":\"https:\/\/schema.org\",\"@graph\":[{\"@type\":\"WebPage\",\"@id\":\"https:\/\/www.cichaosada.pl\/index.php\/kontakt_cicha_osada\/\",\"url\":\"https:\/\/www.cichaosada.pl\/index.php\/kontakt_cicha_osada\/\",\"name\":\"Kontakt_Cicha_Osada - Cicha Osada\",\"isPartOf\":{\"@id\":\"https:\/\/www.cichaosada.pl\/#website\"},\"primaryImageOfPage\":{\"@id\":\"https:\/\/www.cichaosada.pl\/index.php\/kontakt_cicha_osada\/#primaryimage\"},\"image\":{\"@id\":\"https:\/\/www.cichaosada.pl\/index.php\/kontakt_cicha_osada\/#primaryimage\"},\"thumbnailUrl\":\"https:\/\/www.cichaosada.pl\/wp-content\/uploads\/2023\/09\/375136306_235339136176089_668053674596684047_22-1.jpg\",\"datePublished\":\"2023-09-30T20:46:45+00:00\",\"dateModified\":\"2023-09-30T21:27:54+00:00\",\"breadcrumb\":{\"@id\":\"https:\/\/www.cichaosada.pl\/index.php\/kontakt_cicha_osada\/#breadcrumb\"},\"inLanguage\":\"pl-PL\",\"potentialAction\":[{\"@type\":\"ReadAction\",\"target\":[\"https:\/\/www.cichaosada.pl\/index.php\/kontakt_cicha_osada\/\"]}]},{\"@type\":\"ImageObject\",\"inLanguage\":\"pl-PL\",\"@id\":\"https:\/\/www.cichaosada.pl\/index.php\/kontakt_cicha_osada\/#primaryimage\",\"url\":\"https:\/\/www.cichaosada.pl\/wp-content\/uploads\/2023\/09\/375136306_235339136176089_668053674596684047_22-1.jpg\",\"contentUrl\":\"https:\/\/www.cichaosada.pl\/wp-content\/uploads\/2023\/09\/375136306_235339136176089_668053674596684047_22-1.jpg\",\"width\":777,\"height\":512},{\"@type\":\"BreadcrumbList\",\"@id\":\"https:\/\/www.cichaosada.pl\/index.php\/kontakt_cicha_osada\/#breadcrumb\",\"itemListElement\":[{\"@type\":\"ListItem\",\"position\":1,\"name\":\"Strona g\u0142\u00f3wna\",\"item\":\"https:\/\/www.cichaosada.pl\/\"},{\"@type\":\"ListItem\",\"position\":2,\"name\":\"Kontakt_Cicha_Osada\"}]},{\"@type\":\"WebSite\",\"@id\":\"https:\/\/www.cichaosada.pl\/#website\",\"url\":\"https:\/\/www.cichaosada.pl\/\",\"name\":\"Cicha Osada\",\"description\":\"Miejsce Przyjazne Wszystkim\",\"publisher\":{\"@id\":\"https:\/\/www.cichaosada.pl\/#organization\"},\"alternateName\":\"Cicha Osada\",\"potentialAction\":[{\"@type\":\"SearchAction\",\"target\":{\"@type\":\"EntryPoint\",\"urlTemplate\":\"https:\/\/www.cichaosada.pl\/?s={search_term_string}\"},\"query-input\":{\"@type\":\"PropertyValueSpecification\",\"valueRequired\":true,\"valueName\":\"search_term_string\"}}],\"inLanguage\":\"pl-PL\"},{\"@type\":\"Organization\",\"@id\":\"https:\/\/www.cichaosada.pl\/#organization\",\"name\":\"Cicha Osada\",\"url\":\"https:\/\/www.cichaosada.pl\/\",\"logo\":{\"@type\":\"ImageObject\",\"inLanguage\":\"pl-PL\",\"@id\":\"https:\/\/www.cichaosada.pl\/#\/schema\/logo\/image\/\",\"url\":\"https:\/\/www.cichaosada.pl\/wp-content\/uploads\/2023\/09\/cropped-cropped-logo_pol_pzezroczyste.png\",\"contentUrl\":\"https:\/\/www.cichaosada.pl\/wp-content\/uploads\/2023\/09\/cropped-cropped-logo_pol_pzezroczyste.png\",\"width\":915,\"height\":887,\"caption\":\"Cicha Osada\"},\"image\":{\"@id\":\"https:\/\/www.cichaosada.pl\/#\/schema\/logo\/image\/\"},\"sameAs\":[\"https:\/\/www.facebook.com\/CichaOsada\"]}]}<\/script>\n<!-- \/ Yoast SEO plugin. -->","yoast_head_json":{"title":"Kontakt_Cicha_Osada - Cicha Osada","robots":{"index":"index","follow":"follow","max-snippet":"max-snippet:-1","max-image-preview":"max-image-preview:large","max-video-preview":"max-video-preview:-1"},"canonical":"https:\/\/www.cichaosada.pl\/index.php\/kontakt_cicha_osada\/","og_locale":"pl_PL","og_type":"article","og_title":"Kontakt_Cicha_Osada - Cicha Osada","og_description":"Skontaktuj si\u0119 z nami Cicha Osada tel. 607 222 076 Czubajowizna 25, ko\u0142o Wo\u0142omina e-mail: kontakt@cichaosada.pl Odwied\u017a nas na facebooku Facebook-square","og_url":"https:\/\/www.cichaosada.pl\/index.php\/kontakt_cicha_osada\/","og_site_name":"Cicha Osada","article_publisher":"https:\/\/www.facebook.com\/CichaOsada","article_modified_time":"2023-09-30T21:27:54+00:00","og_image":[{"url":"https:\/\/www.cichaosada.pl\/wp-content\/uploads\/2023\/09\/375136306_235339136176089_668053674596684047_22-1.jpg","type":"","width":"","height":""}],"twitter_card":"summary_large_image","schema":{"@context":"https:\/\/schema.org","@graph":[{"@type":"WebPage","@id":"https:\/\/www.cichaosada.pl\/index.php\/kontakt_cicha_osada\/","url":"https:\/\/www.cichaosada.pl\/index.php\/kontakt_cicha_osada\/","name":"Kontakt_Cicha_Osada - Cicha Osada","isPartOf":{"@id":"https:\/\/www.cichaosada.pl\/#website"},"primaryImageOfPage":{"@id":"https:\/\/www.cichaosada.pl\/index.php\/kontakt_cicha_osada\/#primaryimage"},"image":{"@id":"https:\/\/www.cichaosada.pl\/index.php\/kontakt_cicha_osada\/#primaryimage"},"thumbnailUrl":"https:\/\/www.cichaosada.pl\/wp-content\/uploads\/2023\/09\/375136306_235339136176089_668053674596684047_22-1.jpg","datePublished":"2023-09-30T20:46:45+00:00","dateModified":"2023-09-30T21:27:54+00:00","breadcrumb":{"@id":"https:\/\/www.cichaosada.pl\/index.php\/kontakt_cicha_osada\/#breadcrumb"},"inLanguage":"pl-PL","potentialAction":[{"@type":"ReadAction","target":["https:\/\/www.cichaosada.pl\/index.php\/kontakt_cicha_osada\/"]}]},{"@type":"ImageObject","inLanguage":"pl-PL","@id":"https:\/\/www.cichaosada.pl\/index.php\/kontakt_cicha_osada\/#primaryimage","url":"https:\/\/www.cichaosada.pl\/wp-content\/uploads\/2023\/09\/375136306_235339136176089_668053674596684047_22-1.jpg","contentUrl":"https:\/\/www.cichaosada.pl\/wp-content\/uploads\/2023\/09\/375136306_235339136176089_668053674596684047_22-1.jpg","width":777,"height":512},{"@type":"BreadcrumbList","@id":"https:\/\/www.cichaosada.pl\/index.php\/kontakt_cicha_osada\/#breadcrumb","itemListElement":[{"@type":"ListItem","position":1,"name":"Strona g\u0142\u00f3wna","item":"https:\/\/www.cichaosada.pl\/"},{"@type":"ListItem","position":2,"name":"Kontakt_Cicha_Osada"}]},{"@type":"WebSite","@id":"https:\/\/www.cichaosada.pl\/#website","url":"https:\/\/www.cichaosada.pl\/","name":"Cicha Osada","description":"Miejsce Przyjazne Wszystkim","publisher":{"@id":"https:\/\/www.cichaosada.pl\/#organization"},"alternateName":"Cicha Osada","potentialAction":[{"@type":"SearchAction","target":{"@type":"EntryPoint","urlTemplate":"https:\/\/www.cichaosada.pl\/?s={search_term_string}"},"query-input":{"@type":"PropertyValueSpecification","valueRequired":true,"valueName":"search_term_string"}}],"inLanguage":"pl-PL"},{"@type":"Organization","@id":"https:\/\/www.cichaosada.pl\/#organization","name":"Cicha Osada","url":"https:\/\/www.cichaosada.pl\/","logo":{"@type":"ImageObject","inLanguage":"pl-PL","@id":"https:\/\/www.cichaosada.pl\/#\/schema\/logo\/image\/","url":"https:\/\/www.cichaosada.pl\/wp-content\/uploads\/2023\/09\/cropped-cropped-logo_pol_pzezroczyste.png","contentUrl":"https:\/\/www.cichaosada.pl\/wp-content\/uploads\/2023\/09\/cropped-cropped-logo_pol_pzezroczyste.png","width":915,"height":887,"caption":"Cicha Osada"},"image":{"@id":"https:\/\/www.cichaosada.pl\/#\/schema\/logo\/image\/"},"sameAs":["https:\/\/www.facebook.com\/CichaOsada"]}]}},"_links":{"self":[{"href":"https:\/\/www.cichaosada.pl\/index.php\/wp-json\/wp\/v2\/pages\/1374","targetHints":{"allow":["GET"]}}],"collection":[{"href":"https:\/\/www.cichaosada.pl\/index.php\/wp-json\/wp\/v2\/pages"}],"about":[{"href":"https:\/\/www.cichaosada.pl\/index.php\/wp-json\/wp\/v2\/types\/page"}],"author":[{"embeddable":true,"href":"https:\/\/www.cichaosada.pl\/index.php\/wp-json\/wp\/v2\/users\/1"}],"replies":[{"embeddable":true,"href":"https:\/\/www.cichaosada.pl\/index.php\/wp-json\/wp\/v2\/comments?post=1374"}],"version-history":[{"count":21,"href":"https:\/\/www.cichaosada.pl\/index.php\/wp-json\/wp\/v2\/pages\/1374\/revisions"}],"predecessor-version":[{"id":1417,"href":"https:\/\/www.cichaosada.pl\/index.php\/wp-json\/wp\/v2\/pages\/1374\/revisions\/1417"}],"wp:attachment":[{"href":"https:\/\/www.cichaosada.pl\/index.php\/wp-json\/wp\/v2\/media?parent=1374"}],"curies":[{"name":"wp","href":"https:\/\/api.w.org\/{rel}","templated":true}]}}