{"id":1252,"date":"2023-09-29T21:13:21","date_gmt":"2023-09-29T21:13:21","guid":{"rendered":"https:\/\/www.cichaosada.pl\/?page_id=1252"},"modified":"2023-09-29T22:01:24","modified_gmt":"2023-09-29T22:01:24","slug":"o-nas","status":"publish","type":"page","link":"https:\/\/www.cichaosada.pl\/index.php\/o-nas\/","title":{"rendered":"O nas"},"content":{"rendered":"\t\t<div data-elementor-type=\"wp-page\" data-elementor-id=\"1252\" class=\"elementor elementor-1252\">\n\t\t\t\t<div class=\"elementor-element elementor-element-8907875 e-con-full e-flex e-con e-parent\" data-id=\"8907875\" data-element_type=\"container\" data-e-type=\"container\" data-settings=\"{&quot;background_background&quot;:&quot;classic&quot;,&quot;shape_divider_bottom&quot;:&quot;pyramids&quot;}\">\n\t\t\t\t<div class=\"elementor-shape elementor-shape-bottom\" aria-hidden=\"true\" data-negative=\"false\">\n\t\t\t<svg xmlns=\"http:\/\/www.w3.org\/2000\/svg\" viewBox=\"0 0 1000 100\" preserveAspectRatio=\"none\">\n\t<path class=\"elementor-shape-fill\" d=\"M761.9,44.1L643.1,27.2L333.8,98L0,3.8V0l1000,0v3.9\"\/>\n<\/svg>\t\t<\/div>\n\t\t\t\t<\/div>\n\t\t\t\t<section class=\"elementor-section elementor-top-section elementor-element elementor-element-2771eb1c elementor-section-boxed elementor-section-height-default elementor-section-height-default\" data-id=\"2771eb1c\" data-element_type=\"section\" data-e-type=\"section\" data-settings=\"{&quot;background_background&quot;:&quot;classic&quot;}\">\n\t\t\t\t\t\t<div class=\"elementor-container elementor-column-gap-default\">\n\t\t\t\t\t<div class=\"elementor-column elementor-col-100 elementor-top-column elementor-element elementor-element-7eba2fb5\" data-id=\"7eba2fb5\" data-element_type=\"column\" data-e-type=\"column\">\n\t\t\t<div class=\"elementor-widget-wrap elementor-element-populated\">\n\t\t\t\t\t\t<div class=\"elementor-element elementor-element-d7569a6 elementor-widget elementor-widget-image\" data-id=\"d7569a6\" data-element_type=\"widget\" data-e-type=\"widget\" data-widget_type=\"image.default\">\n\t\t\t\t<div class=\"elementor-widget-container\">\n\t\t\t\t\t\t\t\t\t\t\t\t\t\t\t<img fetchpriority=\"high\" decoding=\"async\" width=\"768\" height=\"194\" src=\"https:\/\/www.cichaosada.pl\/wp-content\/uploads\/2023\/09\/pioko-768x194.png\" class=\"attachment-medium_large size-medium_large wp-image-1255\" alt=\"\" srcset=\"https:\/\/www.cichaosada.pl\/wp-content\/uploads\/2023\/09\/pioko-768x194.png 768w, https:\/\/www.cichaosada.pl\/wp-content\/uploads\/2023\/09\/pioko-300x76.png 300w, https:\/\/www.cichaosada.pl\/wp-content\/uploads\/2023\/09\/pioko-1024x259.png 1024w, https:\/\/www.cichaosada.pl\/wp-content\/uploads\/2023\/09\/pioko-1536x388.png 1536w, https:\/\/www.cichaosada.pl\/wp-content\/uploads\/2023\/09\/pioko.png 1980w\" sizes=\"(max-width: 768px) 100vw, 768px\" \/>\t\t\t\t\t\t\t\t\t\t\t\t\t\t\t<\/div>\n\t\t\t\t<\/div>\n\t\t\t\t<div class=\"elementor-element elementor-element-1988b547 elementor-widget elementor-widget-heading\" data-id=\"1988b547\" data-element_type=\"widget\" data-e-type=\"widget\" data-settings=\"{&quot;_animation&quot;:&quot;none&quot;,&quot;_animation_delay&quot;:700}\" data-widget_type=\"heading.default\">\n\t\t\t\t<div class=\"elementor-widget-container\">\n\t\t\t\t\t<p class=\"elementor-heading-title elementor-size-default\">Cicha Osada, to kawa\u0142ek \u015bwiata przyjazny wszystkim, w kt\u00f3rym zar\u00f3wno mali i duzi odnajd\u0105 co\u015b dla siebie.  <\/br>\nNie jest to miejsce typowego relaksu.  <\/br> <\/br>Cicha Osada, to przestrze\u0144, w kt\u00f3rej dzieje si\u0119 wiele, <\/br> przestrze\u0144 wype\u0142niona zaj\u0119ciami poszerzaj\u0105cymi nasz odbi\u00f3r \u015bwiata, <\/br> nasz spos\u00f3b patrzenia na rzeczy, zaj\u0119ciami kszta\u0142tuj\u0105cymi nasze zmys\u0142y, zdolno\u015bci manualne i interpersonalne,<\/br> przestrze\u0144 wype\u0142niona warsztatami,<\/br> terapiami, w kt\u00f3rej ka\u017cdy znajdzie co\u015b dla siebie.   <\/br> <\/br>\n\nCicha Osada to miejsce, w kt\u00f3rym na \u0142onie natury mo\u017cemy na chwil\u0119 zapomnie\u0107 o \u015bwiecie, tutaj nie grozi nam nuda, <\/br>tutaj odpoczywamy poprzez aktywno\u015b\u0107, tutaj rozwijamy si\u0119, tutaj sp\u0119dzamy mi\u0142e i pozytywne chwile.  <\/br><\/p>\t\t\t\t<\/div>\n\t\t\t\t<\/div>\n\t\t\t\t\t<\/div>\n\t\t<\/div>\n\t\t\t\t\t<\/div>\n\t\t<\/section>\n\t\t\t\t<section class=\"elementor-section elementor-top-section elementor-element elementor-element-e3b49e6 elementor-section-boxed elementor-section-height-default elementor-section-height-default\" data-id=\"e3b49e6\" data-element_type=\"section\" data-e-type=\"section\" data-settings=\"{&quot;background_background&quot;:&quot;classic&quot;}\">\n\t\t\t\t\t\t<div class=\"elementor-container elementor-column-gap-default\">\n\t\t\t\t\t<div class=\"elementor-column elementor-col-100 elementor-top-column elementor-element elementor-element-01294e7\" data-id=\"01294e7\" data-element_type=\"column\" data-e-type=\"column\">\n\t\t\t<div class=\"elementor-widget-wrap elementor-element-populated\">\n\t\t\t\t\t\t<div class=\"elementor-element elementor-element-5b537d7 elementor-widget elementor-widget-image\" data-id=\"5b537d7\" data-element_type=\"widget\" data-e-type=\"widget\" data-widget_type=\"image.default\">\n\t\t\t\t<div class=\"elementor-widget-container\">\n\t\t\t\t\t\t\t\t\t\t\t\t\t\t\t<img fetchpriority=\"high\" decoding=\"async\" width=\"768\" height=\"194\" src=\"https:\/\/www.cichaosada.pl\/wp-content\/uploads\/2023\/09\/pioko-768x194.png\" class=\"attachment-medium_large size-medium_large wp-image-1255\" alt=\"\" srcset=\"https:\/\/www.cichaosada.pl\/wp-content\/uploads\/2023\/09\/pioko-768x194.png 768w, https:\/\/www.cichaosada.pl\/wp-content\/uploads\/2023\/09\/pioko-300x76.png 300w, https:\/\/www.cichaosada.pl\/wp-content\/uploads\/2023\/09\/pioko-1024x259.png 1024w, https:\/\/www.cichaosada.pl\/wp-content\/uploads\/2023\/09\/pioko-1536x388.png 1536w, https:\/\/www.cichaosada.pl\/wp-content\/uploads\/2023\/09\/pioko.png 1980w\" sizes=\"(max-width: 768px) 100vw, 768px\" \/>\t\t\t\t\t\t\t\t\t\t\t\t\t\t\t<\/div>\n\t\t\t\t<\/div>\n\t\t\t\t\t<\/div>\n\t\t<\/div>\n\t\t\t\t\t<\/div>\n\t\t<\/section>\n\t\t\t\t<section class=\"elementor-section elementor-top-section elementor-element elementor-element-7ce881da elementor-section-content-middle elementor-section-boxed elementor-section-height-default elementor-section-height-default\" data-id=\"7ce881da\" data-element_type=\"section\" data-e-type=\"section\">\n\t\t\t\t\t\t<div class=\"elementor-container elementor-column-gap-default\">\n\t\t\t\t\t<div class=\"elementor-column elementor-col-100 elementor-top-column elementor-element elementor-element-00fadd5\" data-id=\"00fadd5\" data-element_type=\"column\" data-e-type=\"column\">\n\t\t\t<div class=\"elementor-widget-wrap\">\n\t\t\t\t\t\t\t<\/div>\n\t\t<\/div>\n\t\t\t\t\t<\/div>\n\t\t<\/section>\n\t\t\t\t<\/div>\n\t\t","protected":false},"excerpt":{"rendered":"<p>Cicha Osada, to kawa\u0142ek \u015bwiata przyjazny wszystkim, w kt\u00f3rym zar\u00f3wno mali i duzi odnajd\u0105 co\u015b dla siebie. Nie jest to miejsce typowego relaksu. Cicha Osada, to przestrze\u0144, w kt\u00f3rej dzieje [&hellip;]<\/p>\n","protected":false},"author":1,"featured_media":0,"parent":0,"menu_order":0,"comment_status":"closed","ping_status":"closed","template":"","meta":{"ocean_post_layout":"full-screen","ocean_both_sidebars_style":"","ocean_both_sidebars_content_width":0,"ocean_both_sidebars_sidebars_width":0,"ocean_sidebar":"0","ocean_second_sidebar":"0","ocean_disable_margins":"enable","ocean_add_body_class":"","ocean_shortcode_before_top_bar":"","ocean_shortcode_after_top_bar":"","ocean_shortcode_before_header":"","ocean_shortcode_after_header":"","ocean_has_shortcode":"","ocean_shortcode_after_title":"","ocean_shortcode_before_footer_widgets":"","ocean_shortcode_after_footer_widgets":"","ocean_shortcode_before_footer_bottom":"","ocean_shortcode_after_footer_bottom":"","ocean_display_top_bar":"default","ocean_display_header":"default","ocean_header_style":"","ocean_center_header_left_menu":"0","ocean_custom_header_template":"0","ocean_custom_logo":0,"ocean_custom_retina_logo":0,"ocean_custom_logo_max_width":0,"ocean_custom_logo_tablet_max_width":0,"ocean_custom_logo_mobile_max_width":0,"ocean_custom_logo_max_height":0,"ocean_custom_logo_tablet_max_height":0,"ocean_custom_logo_mobile_max_height":0,"ocean_header_custom_menu":"0","ocean_menu_typo_font_family":"0","ocean_menu_typo_font_subset":"","ocean_menu_typo_font_size":0,"ocean_menu_typo_font_size_tablet":0,"ocean_menu_typo_font_size_mobile":0,"ocean_menu_typo_font_size_unit":"px","ocean_menu_typo_font_weight":"","ocean_menu_typo_font_weight_tablet":"","ocean_menu_typo_font_weight_mobile":"","ocean_menu_typo_transform":"","ocean_menu_typo_transform_tablet":"","ocean_menu_typo_transform_mobile":"","ocean_menu_typo_line_height":0,"ocean_menu_typo_line_height_tablet":0,"ocean_menu_typo_line_height_mobile":0,"ocean_menu_typo_line_height_unit":"","ocean_menu_typo_spacing":0,"ocean_menu_typo_spacing_tablet":0,"ocean_menu_typo_spacing_mobile":0,"ocean_menu_typo_spacing_unit":"","ocean_menu_link_color":"","ocean_menu_link_color_hover":"","ocean_menu_link_color_active":"","ocean_menu_link_background":"","ocean_menu_link_hover_background":"","ocean_menu_link_active_background":"","ocean_menu_social_links_bg":"","ocean_menu_social_hover_links_bg":"","ocean_menu_social_links_color":"","ocean_menu_social_hover_links_color":"","ocean_disable_title":"on","ocean_disable_heading":"default","ocean_post_title":"","ocean_post_subheading":"","ocean_post_title_style":"","ocean_post_title_background_color":"","ocean_post_title_background":0,"ocean_post_title_bg_image_position":"","ocean_post_title_bg_image_attachment":"","ocean_post_title_bg_image_repeat":"","ocean_post_title_bg_image_size":"","ocean_post_title_height":0,"ocean_post_title_bg_overlay":0.5,"ocean_post_title_bg_overlay_color":"","ocean_disable_breadcrumbs":"off","ocean_breadcrumbs_color":"","ocean_breadcrumbs_separator_color":"","ocean_breadcrumbs_links_color":"","ocean_breadcrumbs_links_hover_color":"","ocean_display_footer_widgets":"default","ocean_display_footer_bottom":"default","ocean_custom_footer_template":"0","footnotes":""},"class_list":["post-1252","page","type-page","status-publish","hentry","entry"],"yoast_head":"<!-- This site is optimized with the Yoast SEO plugin v27.1.1 - https:\/\/yoast.com\/product\/yoast-seo-wordpress\/ -->\n<title>O nas - Cicha Osada<\/title>\n<meta name=\"robots\" content=\"index, follow, max-snippet:-1, max-image-preview:large, max-video-preview:-1\" \/>\n<link rel=\"canonical\" href=\"https:\/\/www.cichaosada.pl\/index.php\/o-nas\/\" \/>\n<meta property=\"og:locale\" content=\"pl_PL\" \/>\n<meta property=\"og:type\" content=\"article\" \/>\n<meta property=\"og:title\" content=\"O nas - Cicha Osada\" \/>\n<meta property=\"og:description\" content=\"Cicha Osada, to kawa\u0142ek \u015bwiata przyjazny wszystkim, w kt\u00f3rym zar\u00f3wno mali i duzi odnajd\u0105 co\u015b dla siebie. Nie jest to miejsce typowego relaksu. Cicha Osada, to przestrze\u0144, w kt\u00f3rej dzieje [&hellip;]\" \/>\n<meta property=\"og:url\" content=\"https:\/\/www.cichaosada.pl\/index.php\/o-nas\/\" \/>\n<meta property=\"og:site_name\" content=\"Cicha Osada\" \/>\n<meta property=\"article:publisher\" content=\"https:\/\/www.facebook.com\/CichaOsada\" \/>\n<meta property=\"article:modified_time\" content=\"2023-09-29T22:01:24+00:00\" \/>\n<meta property=\"og:image\" content=\"https:\/\/www.cichaosada.pl\/wp-content\/uploads\/2023\/09\/pioko-768x194.png\" \/>\n<meta name=\"twitter:card\" content=\"summary_large_image\" \/>\n<meta name=\"twitter:label1\" content=\"Szacowany czas czytania\" \/>\n\t<meta name=\"twitter:data1\" content=\"1 minuta\" \/>\n<script type=\"application\/ld+json\" class=\"yoast-schema-graph\">{\"@context\":\"https:\/\/schema.org\",\"@graph\":[{\"@type\":\"WebPage\",\"@id\":\"https:\/\/www.cichaosada.pl\/index.php\/o-nas\/\",\"url\":\"https:\/\/www.cichaosada.pl\/index.php\/o-nas\/\",\"name\":\"O nas - Cicha Osada\",\"isPartOf\":{\"@id\":\"https:\/\/www.cichaosada.pl\/#website\"},\"primaryImageOfPage\":{\"@id\":\"https:\/\/www.cichaosada.pl\/index.php\/o-nas\/#primaryimage\"},\"image\":{\"@id\":\"https:\/\/www.cichaosada.pl\/index.php\/o-nas\/#primaryimage\"},\"thumbnailUrl\":\"https:\/\/www.cichaosada.pl\/wp-content\/uploads\/2023\/09\/pioko-768x194.png\",\"datePublished\":\"2023-09-29T21:13:21+00:00\",\"dateModified\":\"2023-09-29T22:01:24+00:00\",\"breadcrumb\":{\"@id\":\"https:\/\/www.cichaosada.pl\/index.php\/o-nas\/#breadcrumb\"},\"inLanguage\":\"pl-PL\",\"potentialAction\":[{\"@type\":\"ReadAction\",\"target\":[\"https:\/\/www.cichaosada.pl\/index.php\/o-nas\/\"]}]},{\"@type\":\"ImageObject\",\"inLanguage\":\"pl-PL\",\"@id\":\"https:\/\/www.cichaosada.pl\/index.php\/o-nas\/#primaryimage\",\"url\":\"https:\/\/www.cichaosada.pl\/wp-content\/uploads\/2023\/09\/pioko.png\",\"contentUrl\":\"https:\/\/www.cichaosada.pl\/wp-content\/uploads\/2023\/09\/pioko.png\",\"width\":1980,\"height\":500},{\"@type\":\"BreadcrumbList\",\"@id\":\"https:\/\/www.cichaosada.pl\/index.php\/o-nas\/#breadcrumb\",\"itemListElement\":[{\"@type\":\"ListItem\",\"position\":1,\"name\":\"Strona g\u0142\u00f3wna\",\"item\":\"https:\/\/www.cichaosada.pl\/\"},{\"@type\":\"ListItem\",\"position\":2,\"name\":\"O nas\"}]},{\"@type\":\"WebSite\",\"@id\":\"https:\/\/www.cichaosada.pl\/#website\",\"url\":\"https:\/\/www.cichaosada.pl\/\",\"name\":\"Cicha Osada\",\"description\":\"Miejsce Przyjazne Wszystkim\",\"publisher\":{\"@id\":\"https:\/\/www.cichaosada.pl\/#organization\"},\"alternateName\":\"Cicha Osada\",\"potentialAction\":[{\"@type\":\"SearchAction\",\"target\":{\"@type\":\"EntryPoint\",\"urlTemplate\":\"https:\/\/www.cichaosada.pl\/?s={search_term_string}\"},\"query-input\":{\"@type\":\"PropertyValueSpecification\",\"valueRequired\":true,\"valueName\":\"search_term_string\"}}],\"inLanguage\":\"pl-PL\"},{\"@type\":\"Organization\",\"@id\":\"https:\/\/www.cichaosada.pl\/#organization\",\"name\":\"Cicha Osada\",\"url\":\"https:\/\/www.cichaosada.pl\/\",\"logo\":{\"@type\":\"ImageObject\",\"inLanguage\":\"pl-PL\",\"@id\":\"https:\/\/www.cichaosada.pl\/#\/schema\/logo\/image\/\",\"url\":\"https:\/\/www.cichaosada.pl\/wp-content\/uploads\/2023\/09\/cropped-cropped-logo_pol_pzezroczyste.png\",\"contentUrl\":\"https:\/\/www.cichaosada.pl\/wp-content\/uploads\/2023\/09\/cropped-cropped-logo_pol_pzezroczyste.png\",\"width\":915,\"height\":887,\"caption\":\"Cicha Osada\"},\"image\":{\"@id\":\"https:\/\/www.cichaosada.pl\/#\/schema\/logo\/image\/\"},\"sameAs\":[\"https:\/\/www.facebook.com\/CichaOsada\"]}]}<\/script>\n<!-- \/ Yoast SEO plugin. -->","yoast_head_json":{"title":"O nas - Cicha Osada","robots":{"index":"index","follow":"follow","max-snippet":"max-snippet:-1","max-image-preview":"max-image-preview:large","max-video-preview":"max-video-preview:-1"},"canonical":"https:\/\/www.cichaosada.pl\/index.php\/o-nas\/","og_locale":"pl_PL","og_type":"article","og_title":"O nas - Cicha Osada","og_description":"Cicha Osada, to kawa\u0142ek \u015bwiata przyjazny wszystkim, w kt\u00f3rym zar\u00f3wno mali i duzi odnajd\u0105 co\u015b dla siebie. Nie jest to miejsce typowego relaksu. Cicha Osada, to przestrze\u0144, w kt\u00f3rej dzieje [&hellip;]","og_url":"https:\/\/www.cichaosada.pl\/index.php\/o-nas\/","og_site_name":"Cicha Osada","article_publisher":"https:\/\/www.facebook.com\/CichaOsada","article_modified_time":"2023-09-29T22:01:24+00:00","og_image":[{"url":"https:\/\/www.cichaosada.pl\/wp-content\/uploads\/2023\/09\/pioko-768x194.png","type":"","width":"","height":""}],"twitter_card":"summary_large_image","twitter_misc":{"Szacowany czas czytania":"1 minuta"},"schema":{"@context":"https:\/\/schema.org","@graph":[{"@type":"WebPage","@id":"https:\/\/www.cichaosada.pl\/index.php\/o-nas\/","url":"https:\/\/www.cichaosada.pl\/index.php\/o-nas\/","name":"O nas - Cicha Osada","isPartOf":{"@id":"https:\/\/www.cichaosada.pl\/#website"},"primaryImageOfPage":{"@id":"https:\/\/www.cichaosada.pl\/index.php\/o-nas\/#primaryimage"},"image":{"@id":"https:\/\/www.cichaosada.pl\/index.php\/o-nas\/#primaryimage"},"thumbnailUrl":"https:\/\/www.cichaosada.pl\/wp-content\/uploads\/2023\/09\/pioko-768x194.png","datePublished":"2023-09-29T21:13:21+00:00","dateModified":"2023-09-29T22:01:24+00:00","breadcrumb":{"@id":"https:\/\/www.cichaosada.pl\/index.php\/o-nas\/#breadcrumb"},"inLanguage":"pl-PL","potentialAction":[{"@type":"ReadAction","target":["https:\/\/www.cichaosada.pl\/index.php\/o-nas\/"]}]},{"@type":"ImageObject","inLanguage":"pl-PL","@id":"https:\/\/www.cichaosada.pl\/index.php\/o-nas\/#primaryimage","url":"https:\/\/www.cichaosada.pl\/wp-content\/uploads\/2023\/09\/pioko.png","contentUrl":"https:\/\/www.cichaosada.pl\/wp-content\/uploads\/2023\/09\/pioko.png","width":1980,"height":500},{"@type":"BreadcrumbList","@id":"https:\/\/www.cichaosada.pl\/index.php\/o-nas\/#breadcrumb","itemListElement":[{"@type":"ListItem","position":1,"name":"Strona g\u0142\u00f3wna","item":"https:\/\/www.cichaosada.pl\/"},{"@type":"ListItem","position":2,"name":"O nas"}]},{"@type":"WebSite","@id":"https:\/\/www.cichaosada.pl\/#website","url":"https:\/\/www.cichaosada.pl\/","name":"Cicha Osada","description":"Miejsce Przyjazne Wszystkim","publisher":{"@id":"https:\/\/www.cichaosada.pl\/#organization"},"alternateName":"Cicha Osada","potentialAction":[{"@type":"SearchAction","target":{"@type":"EntryPoint","urlTemplate":"https:\/\/www.cichaosada.pl\/?s={search_term_string}"},"query-input":{"@type":"PropertyValueSpecification","valueRequired":true,"valueName":"search_term_string"}}],"inLanguage":"pl-PL"},{"@type":"Organization","@id":"https:\/\/www.cichaosada.pl\/#organization","name":"Cicha Osada","url":"https:\/\/www.cichaosada.pl\/","logo":{"@type":"ImageObject","inLanguage":"pl-PL","@id":"https:\/\/www.cichaosada.pl\/#\/schema\/logo\/image\/","url":"https:\/\/www.cichaosada.pl\/wp-content\/uploads\/2023\/09\/cropped-cropped-logo_pol_pzezroczyste.png","contentUrl":"https:\/\/www.cichaosada.pl\/wp-content\/uploads\/2023\/09\/cropped-cropped-logo_pol_pzezroczyste.png","width":915,"height":887,"caption":"Cicha Osada"},"image":{"@id":"https:\/\/www.cichaosada.pl\/#\/schema\/logo\/image\/"},"sameAs":["https:\/\/www.facebook.com\/CichaOsada"]}]}},"_links":{"self":[{"href":"https:\/\/www.cichaosada.pl\/index.php\/wp-json\/wp\/v2\/pages\/1252","targetHints":{"allow":["GET"]}}],"collection":[{"href":"https:\/\/www.cichaosada.pl\/index.php\/wp-json\/wp\/v2\/pages"}],"about":[{"href":"https:\/\/www.cichaosada.pl\/index.php\/wp-json\/wp\/v2\/types\/page"}],"author":[{"embeddable":true,"href":"https:\/\/www.cichaosada.pl\/index.php\/wp-json\/wp\/v2\/users\/1"}],"replies":[{"embeddable":true,"href":"https:\/\/www.cichaosada.pl\/index.php\/wp-json\/wp\/v2\/comments?post=1252"}],"version-history":[{"count":20,"href":"https:\/\/www.cichaosada.pl\/index.php\/wp-json\/wp\/v2\/pages\/1252\/revisions"}],"predecessor-version":[{"id":1311,"href":"https:\/\/www.cichaosada.pl\/index.php\/wp-json\/wp\/v2\/pages\/1252\/revisions\/1311"}],"wp:attachment":[{"href":"https:\/\/www.cichaosada.pl\/index.php\/wp-json\/wp\/v2\/media?parent=1252"}],"curies":[{"name":"wp","href":"https:\/\/api.w.org\/{rel}","templated":true}]}}